{"id":724,"date":"2023-04-26T13:25:09","date_gmt":"2023-04-26T11:25:09","guid":{"rendered":"https:\/\/www.confilab.net\/?page_id=724"},"modified":"2023-07-31T10:17:44","modified_gmt":"2023-07-31T08:17:44","slug":"quienes-somos","status":"publish","type":"page","link":"https:\/\/www.confilab.net\/en\/quienes-somos\/","title":{"rendered":"About us"},"content":{"rendered":"<div data-elementor-type=\"wp-page\" data-elementor-id=\"724\" class=\"elementor elementor-724\" data-elementor-post-type=\"page\">\n\t\t\t\t\t\t<section class=\"elementor-section elementor-top-section elementor-element elementor-element-6259fd5d elementor-section-content-middle elementor-section-boxed elementor-section-height-default elementor-section-height-default\" data-id=\"6259fd5d\" data-element_type=\"section\" data-e-type=\"section\" data-settings=\"{&quot;background_background&quot;:&quot;classic&quot;}\">\n\t\t\t\t\t\t\t<div class=\"elementor-background-overlay\"><\/div>\n\t\t\t\t\t\t\t<div class=\"elementor-container elementor-column-gap-no\">\n\t\t\t\t\t<div class=\"elementor-column elementor-col-100 elementor-top-column elementor-element elementor-element-210d10ca\" data-id=\"210d10ca\" data-element_type=\"column\" data-e-type=\"column\">\n\t\t\t<div class=\"elementor-widget-wrap elementor-element-populated\">\n\t\t\t\t\t\t<div class=\"elementor-element elementor-element-b678e4a elementor-widget elementor-widget-heading\" data-id=\"b678e4a\" data-element_type=\"widget\" data-e-type=\"widget\" data-widget_type=\"heading.default\">\n\t\t\t\t<div class=\"elementor-widget-container\">\n\t\t\t\t\t<h1 class=\"elementor-heading-title elementor-size-default\">About us<\/h1>\t\t\t\t<\/div>\n\t\t\t\t<\/div>\n\t\t\t\t\t<\/div>\n\t\t<\/div>\n\t\t\t\t\t<\/div>\n\t\t<\/section>\n\t\t\t\t<section class=\"elementor-section elementor-top-section elementor-element elementor-element-258a9fde elementor-section-content-middle elementor-section-boxed elementor-section-height-default elementor-section-height-default\" data-id=\"258a9fde\" data-element_type=\"section\" data-e-type=\"section\" data-settings=\"{&quot;background_background&quot;:&quot;classic&quot;}\">\n\t\t\t\t\t\t<div class=\"elementor-container elementor-column-gap-no\">\n\t\t\t\t\t<div class=\"elementor-column elementor-col-50 elementor-top-column elementor-element elementor-element-6c3f195f\" data-id=\"6c3f195f\" data-element_type=\"column\" data-e-type=\"column\">\n\t\t\t<div class=\"elementor-widget-wrap elementor-element-populated\">\n\t\t\t\t\t\t<div class=\"elementor-element elementor-element-31147615 elementor-widget elementor-widget-heading\" data-id=\"31147615\" data-element_type=\"widget\" data-e-type=\"widget\" data-widget_type=\"heading.default\">\n\t\t\t\t<div class=\"elementor-widget-container\">\n\t\t\t\t\t<h2 class=\"elementor-heading-title elementor-size-small\">Specialized Team<\/h2>\t\t\t\t<\/div>\n\t\t\t\t<\/div>\n\t\t\t\t<div class=\"elementor-element elementor-element-5f73b450 elementor-widget elementor-widget-heading\" data-id=\"5f73b450\" data-element_type=\"widget\" data-e-type=\"widget\" data-widget_type=\"heading.default\">\n\t\t\t\t<div class=\"elementor-widget-container\">\n\t\t\t\t\t<h2 class=\"elementor-heading-title elementor-size-xl\">The team<\/h2>\t\t\t\t<\/div>\n\t\t\t\t<\/div>\n\t\t\t\t<div class=\"elementor-element elementor-element-27a209bb elementor-widget elementor-widget-heading\" data-id=\"27a209bb\" data-element_type=\"widget\" data-e-type=\"widget\" data-widget_type=\"heading.default\">\n\t\t\t\t<div class=\"elementor-widget-container\">\n\t\t\t\t\t<h3 class=\"elementor-heading-title elementor-size-medium\">Experience and solutions for your company<\/h3>\t\t\t\t<\/div>\n\t\t\t\t<\/div>\n\t\t\t\t<div class=\"elementor-element elementor-element-38674771 elementor-widget elementor-widget-text-editor\" data-id=\"38674771\" data-element_type=\"widget\" data-e-type=\"widget\" data-widget_type=\"text-editor.default\">\n\t\t\t\t<div class=\"elementor-widget-container\">\n\t\t\t\t\t\t\t\t\t<p>Our <b>EQUIPMENT<\/b> offers you a deal <b>personalized<\/b>, is constantly updated in the professional and technological field, which allows it to know each situation and find the most appropriate solution for your company.<\/p><p>We use the most advanced technology and programs, offering quality and efficiency to the client.<\/p><p>He <b>SUCCESS<\/b> of your company, lies in a thorough study to find the solution that benefits you the most, carrying out tax planning that involves the <b>maximum savings<\/b> possible.<\/p>\t\t\t\t\t\t\t\t<\/div>\n\t\t\t\t<\/div>\n\t\t\t\t\t<\/div>\n\t\t<\/div>\n\t\t\t\t<div class=\"elementor-column elementor-col-50 elementor-top-column elementor-element elementor-element-6a6ff605\" data-id=\"6a6ff605\" data-element_type=\"column\" data-e-type=\"column\" data-settings=\"{&quot;background_background&quot;:&quot;classic&quot;}\">\n\t\t\t<div class=\"elementor-widget-wrap elementor-element-populated\">\n\t\t\t\t\t<div class=\"elementor-background-overlay\"><\/div>\n\t\t\t\t\t\t<div class=\"elementor-element elementor-element-39992cf0 elementor-widget elementor-widget-image\" data-id=\"39992cf0\" data-element_type=\"widget\" data-e-type=\"widget\" data-widget_type=\"image.default\">\n\t\t\t\t<div class=\"elementor-widget-container\">\n\t\t\t\t\t\t\t\t\t\t\t\t\t\t\t<img fetchpriority=\"high\" decoding=\"async\" width=\"1500\" height=\"844\" src=\"https:\/\/www.confilab.net\/wp-content\/uploads\/2023\/07\/SC05646-Soluciones.jpg\" class=\"attachment-full size-full wp-image-1131\" alt=\"The Confilab team in the meeting room.\" srcset=\"https:\/\/www.confilab.net\/wp-content\/uploads\/2023\/07\/SC05646-Soluciones.jpg 1500w, https:\/\/www.confilab.net\/wp-content\/uploads\/2023\/07\/SC05646-Soluciones-300x169.jpg 300w, https:\/\/www.confilab.net\/wp-content\/uploads\/2023\/07\/SC05646-Soluciones-1024x576.jpg 1024w, https:\/\/www.confilab.net\/wp-content\/uploads\/2023\/07\/SC05646-Soluciones-768x432.jpg 768w, https:\/\/www.confilab.net\/wp-content\/uploads\/2023\/07\/SC05646-Soluciones-18x10.jpg 18w\" sizes=\"(max-width: 1500px) 100vw, 1500px\" \/>\t\t\t\t\t\t\t\t\t\t\t\t\t\t\t<\/div>\n\t\t\t\t<\/div>\n\t\t\t\t\t<\/div>\n\t\t<\/div>\n\t\t\t\t\t<\/div>\n\t\t<\/section>\n\t\t\t\t<section class=\"elementor-section elementor-top-section elementor-element elementor-element-595239ec elementor-section-content-middle elementor-section-boxed elementor-section-height-default elementor-section-height-default\" data-id=\"595239ec\" data-element_type=\"section\" data-e-type=\"section\" data-settings=\"{&quot;background_background&quot;:&quot;classic&quot;}\">\n\t\t\t\t\t\t\t<div class=\"elementor-background-overlay\"><\/div>\n\t\t\t\t\t\t\t<div class=\"elementor-container elementor-column-gap-no\">\n\t\t\t\t\t<div class=\"elementor-column elementor-col-100 elementor-top-column elementor-element elementor-element-268043e\" data-id=\"268043e\" data-element_type=\"column\" data-e-type=\"column\">\n\t\t\t<div class=\"elementor-widget-wrap elementor-element-populated\">\n\t\t\t\t\t\t<div class=\"elementor-element elementor-element-3b32316 elementor-widget elementor-widget-heading\" data-id=\"3b32316\" data-element_type=\"widget\" data-e-type=\"widget\" data-widget_type=\"heading.default\">\n\t\t\t\t<div class=\"elementor-widget-container\">\n\t\t\t\t\t<h2 class=\"elementor-heading-title elementor-size-small\">Contact us<\/h2>\t\t\t\t<\/div>\n\t\t\t\t<\/div>\n\t\t\t\t<div class=\"elementor-element elementor-element-20fa90ea elementor-widget elementor-widget-heading\" data-id=\"20fa90ea\" data-element_type=\"widget\" data-e-type=\"widget\" data-widget_type=\"heading.default\">\n\t\t\t\t<div class=\"elementor-widget-container\">\n\t\t\t\t\t<h2 class=\"elementor-heading-title elementor-size-default\">Discover how CONFILAB can help you<\/h2>\t\t\t\t<\/div>\n\t\t\t\t<\/div>\n\t\t\t\t<div class=\"elementor-element elementor-element-371d3b1c elementor-widget elementor-widget-text-editor\" data-id=\"371d3b1c\" data-element_type=\"widget\" data-e-type=\"widget\" data-widget_type=\"text-editor.default\">\n\t\t\t\t<div class=\"elementor-widget-container\">\n\t\t\t\t\t\t\t\t\t<p>Our team of experts is ready to provide you with specialized solutions and accompany you in the growth of your business.<\/p>\t\t\t\t\t\t\t\t<\/div>\n\t\t\t\t<\/div>\n\t\t\t\t<div class=\"elementor-element elementor-element-4f3c4270 elementor-align-center elementor-mobile-align-center elementor-widget elementor-widget-button\" data-id=\"4f3c4270\" data-element_type=\"widget\" data-e-type=\"widget\" data-widget_type=\"button.default\">\n\t\t\t\t<div class=\"elementor-widget-container\">\n\t\t\t\t\t\t\t\t\t<div class=\"elementor-button-wrapper\">\n\t\t\t\t\t<a class=\"elementor-button elementor-button-link elementor-size-md\" href=\"https:\/\/www.confilab.net\/en\/contact\/\">\n\t\t\t\t\t\t<span class=\"elementor-button-content-wrapper\">\n\t\t\t\t\t\t\t\t\t<span class=\"elementor-button-text\">Contact<\/span>\n\t\t\t\t\t<\/span>\n\t\t\t\t\t<\/a>\n\t\t\t\t<\/div>\n\t\t\t\t\t\t\t\t<\/div>\n\t\t\t\t<\/div>\n\t\t\t\t\t<\/div>\n\t\t<\/div>\n\t\t\t\t\t<\/div>\n\t\t<\/section>\n\t\t\t\t<\/div>","protected":false},"excerpt":{"rendered":"<p>Qui\u00e9nes somos Equipo especializado El equipo Experiencia y soluciones para tu empresa Nuestro EQUIPO te ofrece un trato personalizado, se actualiza constantemente en el terreno profesional y tecnol\u00f3gico, lo que le permite conocer cada situaci\u00f3n y encontrar la soluci\u00f3n m\u00e1s adecuada para tu empresa. Utilizamos la tecnolog\u00eda y los programas m\u00e1s avanzados, ofreciendo calidad y [&hellip;]<\/p>\n","protected":false},"author":1,"featured_media":0,"parent":0,"menu_order":2,"comment_status":"closed","ping_status":"closed","template":"","meta":{"site-sidebar-layout":"no-sidebar","site-content-layout":"page-builder","ast-site-content-layout":"default","site-content-style":"default","site-sidebar-style":"default","ast-global-header-display":"","ast-banner-title-visibility":"","ast-main-header-display":"","ast-hfb-above-header-display":"","ast-hfb-below-header-display":"","ast-hfb-mobile-header-display":"","site-post-title":"disabled","ast-breadcrumbs-content":"","ast-featured-img":"disabled","footer-sml-layout":"","ast-disable-related-posts":"","theme-transparent-header-meta":"default","adv-header-id-meta":"","stick-header-meta":"default","header-above-stick-meta":"","header-main-stick-meta":"","header-below-stick-meta":"","astra-migrate-meta-layouts":"default","ast-page-background-enabled":"default","ast-page-background-meta":{"desktop":{"background-color":"","background-image":"","background-repeat":"repeat","background-position":"center center","background-size":"auto","background-attachment":"scroll","background-type":"","background-media":"","overlay-type":"","overlay-color":"","overlay-opacity":"","overlay-gradient":""},"tablet":{"background-color":"","background-image":"","background-repeat":"repeat","background-position":"center center","background-size":"auto","background-attachment":"scroll","background-type":"","background-media":"","overlay-type":"","overlay-color":"","overlay-opacity":"","overlay-gradient":""},"mobile":{"background-color":"","background-image":"","background-repeat":"repeat","background-position":"center center","background-size":"auto","background-attachment":"scroll","background-type":"","background-media":"","overlay-type":"","overlay-color":"","overlay-opacity":"","overlay-gradient":""}},"ast-content-background-meta":{"desktop":{"background-color":"var(--ast-global-color-5)","background-image":"","background-repeat":"repeat","background-position":"center center","background-size":"auto","background-attachment":"scroll","background-type":"","background-media":"","overlay-type":"","overlay-color":"","overlay-opacity":"","overlay-gradient":""},"tablet":{"background-color":"var(--ast-global-color-5)","background-image":"","background-repeat":"repeat","background-position":"center center","background-size":"auto","background-attachment":"scroll","background-type":"","background-media":"","overlay-type":"","overlay-color":"","overlay-opacity":"","overlay-gradient":""},"mobile":{"background-color":"var(--ast-global-color-5)","background-image":"","background-repeat":"repeat","background-position":"center center","background-size":"auto","background-attachment":"scroll","background-type":"","background-media":"","overlay-type":"","overlay-color":"","overlay-opacity":"","overlay-gradient":""}},"footnotes":""},"class_list":["post-724","page","type-page","status-publish","hentry"],"aioseo_notices":[],"yoast_head":"<!-- This site is optimized with the Yoast SEO plugin v27.4 - https:\/\/yoast.com\/product\/yoast-seo-wordpress\/ -->\n<title>Qui\u00e9nes somos - CONFILAB<\/title>\n<meta name=\"description\" content=\"Experiencia y soluciones para tu empresa. Nuestro EQUIPO en constante actualizaci\u00f3n te ofrece un trato personalizado.\" \/>\n<meta name=\"robots\" content=\"index, follow, max-snippet:-1, max-image-preview:large, max-video-preview:-1\" \/>\n<link rel=\"canonical\" href=\"https:\/\/www.confilab.net\/en\/about-us\/\" \/>\n<meta property=\"og:locale\" content=\"en_US\" \/>\n<meta property=\"og:type\" content=\"article\" \/>\n<meta property=\"og:title\" content=\"Qui\u00e9nes somos - CONFILAB\" \/>\n<meta property=\"og:description\" content=\"Experiencia y soluciones para tu empresa. Nuestro EQUIPO en constante actualizaci\u00f3n te ofrece un trato personalizado.\" \/>\n<meta property=\"og:url\" content=\"https:\/\/www.confilab.net\/en\/about-us\/\" \/>\n<meta property=\"og:site_name\" content=\"CONFILAB\" \/>\n<meta property=\"article:modified_time\" content=\"2023-07-31T08:17:44+00:00\" \/>\n<meta property=\"og:image\" content=\"https:\/\/www.confilab.net\/wp-content\/uploads\/2023\/07\/SC05646-Soluciones.jpg\" \/>\n<meta name=\"twitter:card\" content=\"summary_large_image\" \/>\n<script type=\"application\/ld+json\" class=\"yoast-schema-graph\">{\"@context\":\"https:\\\/\\\/schema.org\",\"@graph\":[{\"@type\":\"WebPage\",\"@id\":\"https:\\\/\\\/www.confilab.net\\\/quienes-somos\\\/\",\"url\":\"https:\\\/\\\/www.confilab.net\\\/quienes-somos\\\/\",\"name\":\"Qui\u00e9nes somos - CONFILAB\",\"isPartOf\":{\"@id\":\"https:\\\/\\\/www.confilab.net\\\/#website\"},\"primaryImageOfPage\":{\"@id\":\"https:\\\/\\\/www.confilab.net\\\/quienes-somos\\\/#primaryimage\"},\"image\":{\"@id\":\"https:\\\/\\\/www.confilab.net\\\/quienes-somos\\\/#primaryimage\"},\"thumbnailUrl\":\"https:\\\/\\\/www.confilab.net\\\/wp-content\\\/uploads\\\/2023\\\/07\\\/SC05646-Soluciones.jpg\",\"datePublished\":\"2023-04-26T11:25:09+00:00\",\"dateModified\":\"2023-07-31T08:17:44+00:00\",\"description\":\"Experiencia y soluciones para tu empresa. Nuestro EQUIPO en constante actualizaci\u00f3n te ofrece un trato personalizado.\",\"breadcrumb\":{\"@id\":\"https:\\\/\\\/www.confilab.net\\\/quienes-somos\\\/#breadcrumb\"},\"inLanguage\":\"en-US\",\"potentialAction\":[{\"@type\":\"ReadAction\",\"target\":[\"https:\\\/\\\/www.confilab.net\\\/quienes-somos\\\/\"]}]},{\"@type\":\"ImageObject\",\"inLanguage\":\"en-US\",\"@id\":\"https:\\\/\\\/www.confilab.net\\\/quienes-somos\\\/#primaryimage\",\"url\":\"https:\\\/\\\/www.confilab.net\\\/wp-content\\\/uploads\\\/2023\\\/07\\\/SC05646-Soluciones.jpg\",\"contentUrl\":\"https:\\\/\\\/www.confilab.net\\\/wp-content\\\/uploads\\\/2023\\\/07\\\/SC05646-Soluciones.jpg\"},{\"@type\":\"BreadcrumbList\",\"@id\":\"https:\\\/\\\/www.confilab.net\\\/quienes-somos\\\/#breadcrumb\",\"itemListElement\":[{\"@type\":\"ListItem\",\"position\":1,\"name\":\"Inicio\",\"item\":\"https:\\\/\\\/www.confilab.net\\\/\"},{\"@type\":\"ListItem\",\"position\":2,\"name\":\"Qui\u00e9nes somos\"}]},{\"@type\":\"WebSite\",\"@id\":\"https:\\\/\\\/www.confilab.net\\\/#website\",\"url\":\"https:\\\/\\\/www.confilab.net\\\/\",\"name\":\"CONFILAB\",\"description\":\"Asesor\u00eda CONtable, FIScal y LABoral\",\"publisher\":{\"@id\":\"https:\\\/\\\/www.confilab.net\\\/#organization\"},\"potentialAction\":[{\"@type\":\"SearchAction\",\"target\":{\"@type\":\"EntryPoint\",\"urlTemplate\":\"https:\\\/\\\/www.confilab.net\\\/?s={search_term_string}\"},\"query-input\":{\"@type\":\"PropertyValueSpecification\",\"valueRequired\":true,\"valueName\":\"search_term_string\"}}],\"inLanguage\":\"en-US\"},{\"@type\":\"Organization\",\"@id\":\"https:\\\/\\\/www.confilab.net\\\/#organization\",\"name\":\"CONFILAB\",\"url\":\"https:\\\/\\\/www.confilab.net\\\/\",\"logo\":{\"@type\":\"ImageObject\",\"inLanguage\":\"en-US\",\"@id\":\"https:\\\/\\\/www.confilab.net\\\/#\\\/schema\\\/logo\\\/image\\\/\",\"url\":\"https:\\\/\\\/www.confilab.net\\\/wp-content\\\/uploads\\\/2021\\\/07\\\/Confilab-Logo-tipog.svg\",\"contentUrl\":\"https:\\\/\\\/www.confilab.net\\\/wp-content\\\/uploads\\\/2021\\\/07\\\/Confilab-Logo-tipog.svg\",\"width\":100,\"height\":100,\"caption\":\"CONFILAB\"},\"image\":{\"@id\":\"https:\\\/\\\/www.confilab.net\\\/#\\\/schema\\\/logo\\\/image\\\/\"}}]}<\/script>\n<!-- \/ Yoast SEO plugin. -->","yoast_head_json":{"title":"Who we are - CONFILAB","description":"Experience and solutions for your company. Our constantly updated TEAM offers you a personalized service.","robots":{"index":"index","follow":"follow","max-snippet":"max-snippet:-1","max-image-preview":"max-image-preview:large","max-video-preview":"max-video-preview:-1"},"canonical":"https:\/\/www.confilab.net\/en\/about-us\/","og_locale":"en_US","og_type":"article","og_title":"Qui\u00e9nes somos - CONFILAB","og_description":"Experiencia y soluciones para tu empresa. Nuestro EQUIPO en constante actualizaci\u00f3n te ofrece un trato personalizado.","og_url":"https:\/\/www.confilab.net\/en\/about-us\/","og_site_name":"CONFILAB","article_modified_time":"2023-07-31T08:17:44+00:00","og_image":[{"url":"https:\/\/www.confilab.net\/wp-content\/uploads\/2023\/07\/SC05646-Soluciones.jpg","type":"","width":"","height":""}],"twitter_card":"summary_large_image","schema":{"@context":"https:\/\/schema.org","@graph":[{"@type":"WebPage","@id":"https:\/\/www.confilab.net\/quienes-somos\/","url":"https:\/\/www.confilab.net\/quienes-somos\/","name":"Who we are - CONFILAB","isPartOf":{"@id":"https:\/\/www.confilab.net\/#website"},"primaryImageOfPage":{"@id":"https:\/\/www.confilab.net\/quienes-somos\/#primaryimage"},"image":{"@id":"https:\/\/www.confilab.net\/quienes-somos\/#primaryimage"},"thumbnailUrl":"https:\/\/www.confilab.net\/wp-content\/uploads\/2023\/07\/SC05646-Soluciones.jpg","datePublished":"2023-04-26T11:25:09+00:00","dateModified":"2023-07-31T08:17:44+00:00","description":"Experience and solutions for your company. Our constantly updated TEAM offers you a personalized service.","breadcrumb":{"@id":"https:\/\/www.confilab.net\/quienes-somos\/#breadcrumb"},"inLanguage":"en-US","potentialAction":[{"@type":"ReadAction","target":["https:\/\/www.confilab.net\/quienes-somos\/"]}]},{"@type":"ImageObject","inLanguage":"en-US","@id":"https:\/\/www.confilab.net\/quienes-somos\/#primaryimage","url":"https:\/\/www.confilab.net\/wp-content\/uploads\/2023\/07\/SC05646-Soluciones.jpg","contentUrl":"https:\/\/www.confilab.net\/wp-content\/uploads\/2023\/07\/SC05646-Soluciones.jpg"},{"@type":"BreadcrumbList","@id":"https:\/\/www.confilab.net\/quienes-somos\/#breadcrumb","itemListElement":[{"@type":"ListItem","position":1,"name":"Inicio","item":"https:\/\/www.confilab.net\/"},{"@type":"ListItem","position":2,"name":"Qui\u00e9nes somos"}]},{"@type":"WebSite","@id":"https:\/\/www.confilab.net\/#website","url":"https:\/\/www.confilab.net\/","name":"CONFILAB","description":"Accounting, tax and employment advice","publisher":{"@id":"https:\/\/www.confilab.net\/#organization"},"potentialAction":[{"@type":"SearchAction","target":{"@type":"EntryPoint","urlTemplate":"https:\/\/www.confilab.net\/?s={search_term_string}"},"query-input":{"@type":"PropertyValueSpecification","valueRequired":true,"valueName":"search_term_string"}}],"inLanguage":"en-US"},{"@type":"Organization","@id":"https:\/\/www.confilab.net\/#organization","name":"CONFILAB","url":"https:\/\/www.confilab.net\/","logo":{"@type":"ImageObject","inLanguage":"en-US","@id":"https:\/\/www.confilab.net\/#\/schema\/logo\/image\/","url":"https:\/\/www.confilab.net\/wp-content\/uploads\/2021\/07\/Confilab-Logo-tipog.svg","contentUrl":"https:\/\/www.confilab.net\/wp-content\/uploads\/2021\/07\/Confilab-Logo-tipog.svg","width":100,"height":100,"caption":"CONFILAB"},"image":{"@id":"https:\/\/www.confilab.net\/#\/schema\/logo\/image\/"}}]}},"_links":{"self":[{"href":"https:\/\/www.confilab.net\/en\/wp-json\/wp\/v2\/pages\/724","targetHints":{"allow":["GET"]}}],"collection":[{"href":"https:\/\/www.confilab.net\/en\/wp-json\/wp\/v2\/pages"}],"about":[{"href":"https:\/\/www.confilab.net\/en\/wp-json\/wp\/v2\/types\/page"}],"author":[{"embeddable":true,"href":"https:\/\/www.confilab.net\/en\/wp-json\/wp\/v2\/users\/1"}],"replies":[{"embeddable":true,"href":"https:\/\/www.confilab.net\/en\/wp-json\/wp\/v2\/comments?post=724"}],"version-history":[{"count":71,"href":"https:\/\/www.confilab.net\/en\/wp-json\/wp\/v2\/pages\/724\/revisions"}],"predecessor-version":[{"id":1662,"href":"https:\/\/www.confilab.net\/en\/wp-json\/wp\/v2\/pages\/724\/revisions\/1662"}],"wp:attachment":[{"href":"https:\/\/www.confilab.net\/en\/wp-json\/wp\/v2\/media?parent=724"}],"curies":[{"name":"wp","href":"https:\/\/api.w.org\/{rel}","templated":true}]}}